{"id":129,"date":"2021-10-24T16:26:07","date_gmt":"2021-10-24T16:26:07","guid":{"rendered":"https:\/\/berlins4.eu\/?page_id=129"},"modified":"2025-12-06T17:52:13","modified_gmt":"2025-12-06T17:52:13","slug":"ueber-uns","status":"publish","type":"page","link":"https:\/\/berlins4.eu\/?page_id=129","title":{"rendered":"\u00dcber uns"},"content":{"rendered":"\n<h3 class=\"wp-block-heading has-text-color\" style=\"color:#214e8e\">Berlin\u00b4s 4,<\/h3>\n\n\n\n<h4 class=\"wp-block-heading has-text-color\" style=\"color:#214e8e\"><\/h4>\n\n\n\n<p class=\"has-text-color\" style=\"color:#214e8e\">das sind Isabelle Vo\u00dfk\u00fchler (Sopran), Judith Simonis (Alt), Holger Marks (Tenor) und Axel Scheidig (Bass), 4 S\u00e4ngerInnen des 3fachen GRAMMY-Gewinners Rundfunkchor Berlin.<\/p>\n\n\n\n<p class=\"has-text-color\" style=\"color:#214e8e\">Schon fr\u00fch durch die gemeinsame Zeit im Rundfunkchor befreundet, fanden sich die Vier 2018 auch zu einem Gesangsensemble zusammen, um sich fernab der klassischen Musik hemmungslos auszutoben. Das Repertoire von Berlin\u00b4s 4 umfasst mittlerweile eine stattliche Anzahl an Jazz- und Popsongs sowie gute alte Schlager der 60er und 70er Jahre.<\/p>\n\n\n\n<p class=\"has-text-color\" style=\"color:#214e8e\">Musikalische Vielf\u00e4ltigkeit in abwechslungsreichen Programmen, verbunden durch augenzwinkernde Moderationen, lassen bei ihren Auftritten die Funken fliegen. Seien Hochzeiten, Firmenfeiern oder Konzerte in ganz Deutschland: Berlin\u00b4s 4 bieten beste Unterhaltung mit purer Stimme, ohne Instrumente. Mit raffinierten Arrangements, Rhythmen und komplexen Akkorden. Frei und flexibel in der Performance auf ganz unterschiedlichen B\u00fchnen und in verschiedensten Situationen. Ber\u00fchrend und mitrei\u00dfend in einer ganz eigenen Mischung.<\/p>\n\n\n\n<p><\/p>\n\n\n\n<div class=\"wp-block-columns is-layout-flex wp-container-core-columns-is-layout-9d6595d7 wp-block-columns-is-layout-flex\">\n<div class=\"wp-block-column is-layout-flow wp-block-column-is-layout-flow\" style=\"flex-basis:33.33%\">\n<figure class=\"wp-block-image size-large is-style-rounded\"><img loading=\"lazy\" decoding=\"async\" width=\"1024\" height=\"1024\" src=\"https:\/\/berlins4.eu\/wp-content\/uploads\/2021\/12\/Isi-Portrait--1024x1024.jpg\" alt=\"\" class=\"wp-image-299\" srcset=\"https:\/\/berlins4.eu\/wp-content\/uploads\/2021\/12\/Isi-Portrait--1024x1024.jpg 1024w, https:\/\/berlins4.eu\/wp-content\/uploads\/2021\/12\/Isi-Portrait--300x300.jpg 300w, https:\/\/berlins4.eu\/wp-content\/uploads\/2021\/12\/Isi-Portrait--150x150.jpg 150w, https:\/\/berlins4.eu\/wp-content\/uploads\/2021\/12\/Isi-Portrait--768x768.jpg 768w, https:\/\/berlins4.eu\/wp-content\/uploads\/2021\/12\/Isi-Portrait--1536x1536.jpg 1536w, https:\/\/berlins4.eu\/wp-content\/uploads\/2021\/12\/Isi-Portrait--2048x2048.jpg 2048w, https:\/\/berlins4.eu\/wp-content\/uploads\/2021\/12\/Isi-Portrait--100x100.jpg 100w, https:\/\/berlins4.eu\/wp-content\/uploads\/2021\/12\/Isi-Portrait--200x200.jpg 200w, https:\/\/berlins4.eu\/wp-content\/uploads\/2021\/12\/Isi-Portrait--450x450.jpg 450w, https:\/\/berlins4.eu\/wp-content\/uploads\/2021\/12\/Isi-Portrait--600x600.jpg 600w, https:\/\/berlins4.eu\/wp-content\/uploads\/2021\/12\/Isi-Portrait--900x900.jpg 900w\" sizes=\"auto, (max-width: 1024px) 100vw, 1024px\" \/><\/figure>\n<\/div>\n\n\n\n<div class=\"wp-block-column is-layout-flow wp-block-column-is-layout-flow\" style=\"flex-basis:66.66%\">\n<h3 class=\"wp-block-heading has-text-color\" style=\"color:#214e8e\">Isabelle Vo\u00dfk\u00fchler, Sopran<\/h3>\n\n\n\n<p class=\"has-text-color\" style=\"color:#214e8e\">&#8220;Berlin, ick liebe Dir!&#8221; <\/p>\n\n\n\n<p class=\"has-text-color\" style=\"color:#214e8e\">\u2013 tats\u00e4chlich bin ich die einzige echte Berlinerin des Ensembles. Geboren und aufgewachsen am Kurf\u00fcrstendamm der 70er Jahre und bis heute meinem Kiez treu lie\u00df ich mich nie vom pulsierenden Nachtleben verf\u00fchren. Keine Party-Exzesse in verrauchten Clubs, keine durchzechten N\u00e4chte in der Eckkneipe. Bewegung brachte zun\u00e4chst meine Mutter in mein Leben, denn sie war T\u00e4nzerin auf Wagners B\u00fchne in Bayreuth und fl\u00f6\u00dfte mir eine ordentliche Portion Klassik ein. Mit 15 Jahren war ich mir dann absolut sicher: ich wollte S\u00e4ngerin werden. Ich startete meine Karriere im Schulchor \u2013 zun\u00e4chst als Tenor. Jedoch im Verlauf der Zeit und best\u00e4rkt durch regelm\u00e4\u00dfigen Gesangsunterricht begann ich an der Wahl des Stimmfaches zu zweifeln und so wechselte ich vom Tenor zum Sopran ;-). Und in dieser Stimmlage bin ich heute noch unterwegs.<\/p>\n\n\n\n<p class=\"has-text-color\" style=\"color:#214e8e\">Am wohlsten f\u00fchle ich mich, wenn ich Teil eines Ensembles bin. Und so schloss ich mich bereits w\u00e4hrend meines Gesangsstudiums Anfang der 90er professionellen klassischen Ch\u00f6ren an und schnappte mir 1997 mit einer Festanstellung im Rundfunkchor Berlin meinen Traumberuf . Zusammen mit Berlin\u2019s 4 geht die Reise nun weiter in andere musikalische Richtungen, die ich bislang v\u00f6llig ignoriert hatte \u2013 war ich doch streng in der Welt der Oper und klassischem Konzertsaal unterwegs. Und siehe da: wieder ver\u00e4ndert sich die Stimme und doch bleibe ich Sopran.<\/p>\n\n\n\n<p><\/p>\n<\/div>\n<\/div>\n\n\n\n<div class=\"wp-block-columns is-layout-flex wp-container-core-columns-is-layout-9d6595d7 wp-block-columns-is-layout-flex\">\n<div class=\"wp-block-column is-layout-flow wp-block-column-is-layout-flow\" style=\"flex-basis:33.33%\">\n<figure class=\"wp-block-image size-large is-style-rounded\"><img loading=\"lazy\" decoding=\"async\" width=\"1024\" height=\"1024\" src=\"https:\/\/berlins4.eu\/wp-content\/uploads\/2021\/12\/Judith-Portrait1-1-1024x1024.jpg\" alt=\"\" class=\"wp-image-293\" srcset=\"https:\/\/berlins4.eu\/wp-content\/uploads\/2021\/12\/Judith-Portrait1-1-1024x1024.jpg 1024w, https:\/\/berlins4.eu\/wp-content\/uploads\/2021\/12\/Judith-Portrait1-1-300x300.jpg 300w, https:\/\/berlins4.eu\/wp-content\/uploads\/2021\/12\/Judith-Portrait1-1-150x150.jpg 150w, https:\/\/berlins4.eu\/wp-content\/uploads\/2021\/12\/Judith-Portrait1-1-768x768.jpg 768w, https:\/\/berlins4.eu\/wp-content\/uploads\/2021\/12\/Judith-Portrait1-1-1536x1536.jpg 1536w, https:\/\/berlins4.eu\/wp-content\/uploads\/2021\/12\/Judith-Portrait1-1-100x100.jpg 100w, https:\/\/berlins4.eu\/wp-content\/uploads\/2021\/12\/Judith-Portrait1-1-200x200.jpg 200w, https:\/\/berlins4.eu\/wp-content\/uploads\/2021\/12\/Judith-Portrait1-1-450x450.jpg 450w, https:\/\/berlins4.eu\/wp-content\/uploads\/2021\/12\/Judith-Portrait1-1-600x600.jpg 600w, https:\/\/berlins4.eu\/wp-content\/uploads\/2021\/12\/Judith-Portrait1-1-900x900.jpg 900w, https:\/\/berlins4.eu\/wp-content\/uploads\/2021\/12\/Judith-Portrait1-1.jpg 1973w\" sizes=\"auto, (max-width: 1024px) 100vw, 1024px\" \/><\/figure>\n<\/div>\n\n\n\n<div class=\"wp-block-column is-layout-flow wp-block-column-is-layout-flow\" style=\"flex-basis:66.66%\">\n<h3 class=\"wp-block-heading has-text-color\" style=\"color:#214e8e\">Judith Simonis, Alt<\/h3>\n\n\n\n<p class=\"has-text-color\" style=\"color:#214e8e\">&#8220;Sch\u00f6ne Bescherung&#8221;<\/p>\n\n\n\n<p class=\"has-text-color\" style=\"color:#214e8e\">\u2013 das dachten meine Eltern, als ich an einem verschneiten Th\u00fcringer Heilig Abend das Licht der Welt erblickte. Mein Vater erkannte fr\u00fch, dass die Naturwissenschaften unverstanden an mir vor\u00fcberzogen. Also blieb nur die Musik! Und so fand ich mich im Alter von 5 Jahren auf einem Klavierhocker wieder. Irgendwann hatte ich jedoch genug vom &#8220;stummen Tastendr\u00fccken&#8221;. Ich wollte im sch\u00f6nsten Kleid ganz vorne stehen!<\/p>\n\n\n\n<p class=\"has-text-color\" style=\"color:#214e8e\">Mein Entschluss war schnell gefasst: &#8220;Ich werde S\u00e4ngerin!&#8221; Meine Mutter stellte allerdings eine Bedingung: &#8220;Bitte kein Sopran!! Das halten meine Ohren nicht aus!&#8221; Gott sei Dank hatte Mutter Natur das geahnt und sorgsam geplant und mich sowohl mit der Stimmlage als auch dem Blutdruck einer Altistin ausgestattet. Ich studierte Gesang in Trossingen und Berlin. Es schlossen sich Opernproduktionen und Konzerte im In-und Ausland an, bis ich meine berufliche Heimat im Rundfunkchor Berlin fand. Ganz klassisch \u2013 doch das reichte mir schon bald nicht mehr. <\/p>\n\n\n\n<p class=\"has-text-color\" style=\"color:#214e8e\">Und so lebe ich mit Berlin&#8217;s 4 meine Liebe f\u00fcr Jazz, Pop und Schlager aus \u2013  zusammen mit guten Freunden. Besser geht&#8217;s&nbsp; nicht!<\/p>\n\n\n\n<p><\/p>\n<\/div>\n<\/div>\n\n\n\n<div class=\"wp-block-columns is-layout-flex wp-container-core-columns-is-layout-9d6595d7 wp-block-columns-is-layout-flex\">\n<div class=\"wp-block-column is-layout-flow wp-block-column-is-layout-flow\" style=\"flex-basis:33.33%\">\n<figure class=\"wp-block-image size-large is-style-rounded\"><img loading=\"lazy\" decoding=\"async\" width=\"1024\" height=\"1024\" src=\"https:\/\/berlins4.eu\/wp-content\/uploads\/2021\/12\/Holger-Portrait1-1024x1024.jpg\" alt=\"\" class=\"wp-image-294\" srcset=\"https:\/\/berlins4.eu\/wp-content\/uploads\/2021\/12\/Holger-Portrait1-1024x1024.jpg 1024w, https:\/\/berlins4.eu\/wp-content\/uploads\/2021\/12\/Holger-Portrait1-300x300.jpg 300w, https:\/\/berlins4.eu\/wp-content\/uploads\/2021\/12\/Holger-Portrait1-150x150.jpg 150w, https:\/\/berlins4.eu\/wp-content\/uploads\/2021\/12\/Holger-Portrait1-768x768.jpg 768w, https:\/\/berlins4.eu\/wp-content\/uploads\/2021\/12\/Holger-Portrait1-1536x1536.jpg 1536w, https:\/\/berlins4.eu\/wp-content\/uploads\/2021\/12\/Holger-Portrait1-2048x2048.jpg 2048w, https:\/\/berlins4.eu\/wp-content\/uploads\/2021\/12\/Holger-Portrait1-100x100.jpg 100w, https:\/\/berlins4.eu\/wp-content\/uploads\/2021\/12\/Holger-Portrait1-200x200.jpg 200w, https:\/\/berlins4.eu\/wp-content\/uploads\/2021\/12\/Holger-Portrait1-450x450.jpg 450w, https:\/\/berlins4.eu\/wp-content\/uploads\/2021\/12\/Holger-Portrait1-600x600.jpg 600w, https:\/\/berlins4.eu\/wp-content\/uploads\/2021\/12\/Holger-Portrait1-900x900.jpg 900w\" sizes=\"auto, (max-width: 1024px) 100vw, 1024px\" \/><\/figure>\n<\/div>\n\n\n\n<div class=\"wp-block-column is-layout-flow wp-block-column-is-layout-flow\" style=\"flex-basis:66.66%\">\n<h3 class=\"wp-block-heading has-text-color\" style=\"color:#214e8e\">Holger Marks, Tenor<\/h3>\n\n\n\n<p class=\"has-text-color\" style=\"color:#214e8e\">\u201eFriends don\u00b4t let friends clap on one and three\u201c<\/p>\n\n\n\n<p class=\"has-text-color\" style=\"color:#214e8e\">\u2013 so ungef\u00e4hr k\u00f6nnte mein Lebensmotto lauten. Denn schon von Kindesbeinen an wurde ich vor allem von meinem Vater, der in seiner Jugend das Schlagzeug traktierte, mit dem Jazzfieber infiziert. Und an meiner Liebe und Leidenschaft f\u00fcr diese Musik hat sich bis heute nichts ge\u00e4ndert.<\/p>\n\n\n\n<p class=\"has-text-color\" style=\"color:#214e8e\">Dass sich meine Gesangsstimme besonders gut f\u00fcr klassische Musik eignet, habe ich mir hauptberuflich zunutze gemacht. Gesangsstudien in Karlsruhe und Hamburg, Einladungen zu Auftritten in ganz Europa und \u00dcbersee und mein festes Engagement beim Rundfunkchor Berlin haben mir gezeigt, dass ich wohl die richtige Wahl traf. Aber ausgleichend brauche ich auch regelm\u00e4\u00dfig meine Streicheleinheiten an Pop-, Jazz- und Swingmusik. Und hier kommt Berlin\u00b4s 4 ins Spiel. Sch\u00f6ne Stimmen, etwas verr\u00fcckte Charaktere, coole Musik, herrliche a-cappella-Arrangements und Mega-Spa\u00df auf der B\u00fchne. Voll mein Ding! Ich kann den n\u00e4chsten Gig kaum erwarten!<\/p>\n\n\n\n<p><\/p>\n\n\n\n<p><\/p>\n<\/div>\n<\/div>\n\n\n\n<div class=\"wp-block-columns is-layout-flex wp-container-core-columns-is-layout-9d6595d7 wp-block-columns-is-layout-flex\">\n<div class=\"wp-block-column is-layout-flow wp-block-column-is-layout-flow\" style=\"flex-basis:33.33%\">\n<figure class=\"wp-block-image size-large is-style-rounded\"><img loading=\"lazy\" decoding=\"async\" width=\"1024\" height=\"1024\" src=\"https:\/\/berlins4.eu\/wp-content\/uploads\/2021\/12\/Axel-Portrait-1024x1024.jpg\" alt=\"\" class=\"wp-image-302\" srcset=\"https:\/\/berlins4.eu\/wp-content\/uploads\/2021\/12\/Axel-Portrait-1024x1024.jpg 1024w, https:\/\/berlins4.eu\/wp-content\/uploads\/2021\/12\/Axel-Portrait-300x300.jpg 300w, https:\/\/berlins4.eu\/wp-content\/uploads\/2021\/12\/Axel-Portrait-150x150.jpg 150w, https:\/\/berlins4.eu\/wp-content\/uploads\/2021\/12\/Axel-Portrait-768x768.jpg 768w, https:\/\/berlins4.eu\/wp-content\/uploads\/2021\/12\/Axel-Portrait-1536x1536.jpg 1536w, https:\/\/berlins4.eu\/wp-content\/uploads\/2021\/12\/Axel-Portrait-100x100.jpg 100w, https:\/\/berlins4.eu\/wp-content\/uploads\/2021\/12\/Axel-Portrait-200x200.jpg 200w, https:\/\/berlins4.eu\/wp-content\/uploads\/2021\/12\/Axel-Portrait-450x450.jpg 450w, https:\/\/berlins4.eu\/wp-content\/uploads\/2021\/12\/Axel-Portrait-600x600.jpg 600w, https:\/\/berlins4.eu\/wp-content\/uploads\/2021\/12\/Axel-Portrait-900x900.jpg 900w, https:\/\/berlins4.eu\/wp-content\/uploads\/2021\/12\/Axel-Portrait.jpg 1893w\" sizes=\"auto, (max-width: 1024px) 100vw, 1024px\" \/><\/figure>\n<\/div>\n\n\n\n<div class=\"wp-block-column is-layout-flow wp-block-column-is-layout-flow\" style=\"flex-basis:66.66%\">\n<h3 class=\"wp-block-heading has-text-color\" style=\"color:#214e8e\">Axel Scheidig, Bass<\/h3>\n\n\n\n<p class=\"has-text-color\" style=\"color:#214e8e\">&#8220;dmm \u2013 plomm \u2013 rattabummtscha&#8221;<\/p>\n\n\n\n<p class=\"has-text-color\" style=\"color:#214e8e\">\u2013 waren wohl meine ersten Laut\u00e4u\u00dferungen \u2013 und eigentlich hat sich bis heute nichts daran ge\u00e4ndert;-). Doch aus lautmalerischem Spa\u00df wurde musikalischer Ernst, der tierisch Spa\u00df macht. Ich wuchs zwischen dichtem Fichtendickicht im Th\u00fcringer Wald, nahe der Spielzeugstadt Sonneberg auf. Fu\u00dfballspielen, Tauchen, Skifahren und Angeln sind bis heute meine Leidenschaften. Die engen Grenzen meines Heimatdorfes Neuenbau \u00fcberwand ich mit 14 Jahren und zog nach Wernigerode,  die bunte Stadt am Harz. Eine Weichenstellung in meinem Leben. Vom Rundfunk-Jugendchor gepr\u00e4gt, f\u00fchrte mich mein s\u00e4ngerischer Werdegang \u00fcber das Studium in Weimar durch verschiedene Ensembles in die Hauptstadt. Der Rundfunkchor Berlin wurde meine musikalische Heimat und ist es bis heute.<br><br>Zugegeben, mein Sternzeichen Zwilling treibt mich stets umher \u2013 doch von Isi, Judith und Holger lasse ich mich immer wieder einfangen: mit ihnen zu singen und ihnen ein weiches, warmes Fundament zu bereiten ist f\u00fcr mich das gr\u00f6\u00dfte Vergn\u00fcgen. Obwohl klassisch gepr\u00e4gt, kenne ich fast jeden Ohrwurm aus der Schlagerwelt.<\/p>\n\n\n\n<p class=\"has-text-color\" style=\"color:#214e8e\"><\/p>\n\n\n\n<p class=\"has-text-color\" style=\"color:#214e8e\"><\/p>\n\n\n\n<p class=\"has-text-color\" style=\"color:#214e8e\"><\/p>\n\n\n\n<p class=\"has-text-color\" style=\"color:#214e8e\"><\/p>\n\n\n\n<p class=\"has-text-color\" style=\"color:#214e8e\"><\/p>\n\n\n\n<p class=\"has-text-color\" style=\"color:#214e8e\"><\/p>\n\n\n\n<p class=\"has-text-color\" style=\"color:#214e8e\"><\/p>\n<\/div>\n<\/div>\n","protected":false},"excerpt":{"rendered":"<p>Berlin\u00b4s 4, das sind Isabelle Vo\u00dfk\u00fchler (Sopran), Judith Simonis (Alt), Holger Marks (Tenor) und Axel Scheidig (Bass), 4 S\u00e4ngerInnen des 3fachen GRAMMY-Gewinners Rundfunkchor Berlin. Schon fr\u00fch durch die gemeinsame Zeit im Rundfunkchor befreundet, fanden sich die Vier 2018 auch zu &hellip;<\/p>\n<p class=\"read-more\"> <a class=\"more-link\" href=\"https:\/\/berlins4.eu\/?page_id=129\"> <span class=\"screen-reader-text\">\u00dcber uns<\/span> Weiterlesen &raquo;<\/a><\/p>\n","protected":false},"author":1,"featured_media":0,"parent":0,"menu_order":0,"comment_status":"closed","ping_status":"closed","template":"","meta":{"inline_featured_image":false,"footnotes":""},"class_list":["post-129","page","type-page","status-publish","hentry"],"_links":{"self":[{"href":"https:\/\/berlins4.eu\/index.php?rest_route=\/wp\/v2\/pages\/129","targetHints":{"allow":["GET"]}}],"collection":[{"href":"https:\/\/berlins4.eu\/index.php?rest_route=\/wp\/v2\/pages"}],"about":[{"href":"https:\/\/berlins4.eu\/index.php?rest_route=\/wp\/v2\/types\/page"}],"author":[{"embeddable":true,"href":"https:\/\/berlins4.eu\/index.php?rest_route=\/wp\/v2\/users\/1"}],"replies":[{"embeddable":true,"href":"https:\/\/berlins4.eu\/index.php?rest_route=%2Fwp%2Fv2%2Fcomments&post=129"}],"version-history":[{"count":47,"href":"https:\/\/berlins4.eu\/index.php?rest_route=\/wp\/v2\/pages\/129\/revisions"}],"predecessor-version":[{"id":647,"href":"https:\/\/berlins4.eu\/index.php?rest_route=\/wp\/v2\/pages\/129\/revisions\/647"}],"wp:attachment":[{"href":"https:\/\/berlins4.eu\/index.php?rest_route=%2Fwp%2Fv2%2Fmedia&parent=129"}],"curies":[{"name":"wp","href":"https:\/\/api.w.org\/{rel}","templated":true}]}}