{"id":23,"date":"2021-10-24T10:55:06","date_gmt":"2021-10-24T10:55:06","guid":{"rendered":"https:\/\/berlins4.eu\/?page_id=23"},"modified":"2026-03-01T18:47:49","modified_gmt":"2026-03-01T18:47:49","slug":"23-2","status":"publish","type":"page","link":"https:\/\/berlins4.eu\/","title":{"rendered":""},"content":{"rendered":"\n<figure class=\"wp-block-image aligncenter size-full is-resized\"><img loading=\"lazy\" decoding=\"async\" width=\"2560\" height=\"1422\" src=\"https:\/\/berlins4.eu\/wp-content\/uploads\/2021\/12\/Berlins-4-Second-scaled.jpg\" alt=\"\" class=\"wp-image-309\" style=\"aspect-ratio:1.8004018754186202;width:861px;height:auto\" srcset=\"https:\/\/berlins4.eu\/wp-content\/uploads\/2021\/12\/Berlins-4-Second-scaled.jpg 2560w, https:\/\/berlins4.eu\/wp-content\/uploads\/2021\/12\/Berlins-4-Second-300x167.jpg 300w, https:\/\/berlins4.eu\/wp-content\/uploads\/2021\/12\/Berlins-4-Second-1024x569.jpg 1024w, https:\/\/berlins4.eu\/wp-content\/uploads\/2021\/12\/Berlins-4-Second-768x427.jpg 768w, https:\/\/berlins4.eu\/wp-content\/uploads\/2021\/12\/Berlins-4-Second-1536x853.jpg 1536w, https:\/\/berlins4.eu\/wp-content\/uploads\/2021\/12\/Berlins-4-Second-2048x1137.jpg 2048w, https:\/\/berlins4.eu\/wp-content\/uploads\/2021\/12\/Berlins-4-Second-100x56.jpg 100w, https:\/\/berlins4.eu\/wp-content\/uploads\/2021\/12\/Berlins-4-Second-150x83.jpg 150w, https:\/\/berlins4.eu\/wp-content\/uploads\/2021\/12\/Berlins-4-Second-200x111.jpg 200w, https:\/\/berlins4.eu\/wp-content\/uploads\/2021\/12\/Berlins-4-Second-450x250.jpg 450w, https:\/\/berlins4.eu\/wp-content\/uploads\/2021\/12\/Berlins-4-Second-600x333.jpg 600w, https:\/\/berlins4.eu\/wp-content\/uploads\/2021\/12\/Berlins-4-Second-900x500.jpg 900w\" sizes=\"auto, (max-width: 2560px) 100vw, 2560px\" \/><\/figure>\n\n\n<div class=\"ditty ditty--pre\" data-id=\"570\" data-uniqid=\"ditty-69fdcd0b6195c\"><\/div>\n\n\n\n<h2 class=\"wp-block-heading has-text-align-center has-text-color has-larger-font-size\" style=\"color:#214e8e\">DAS A-CAPPELLA-ENSEMBLE F\u00dcR <br>JAZZ, POP UND SCHLAGER.<\/h2>\n\n\n\n<p><\/p>\n\n\n\n<p><\/p>\n\n\n\n<h1 class=\"wp-block-heading has-text-align-center has-text-color\" style=\"color:#657687;font-size:20px\">a-cappella&nbsp;&#8211; das ist reiner, purer Gesang, Klangf\u00fclle aus der Stimme. Ohne instrumentale Begleitung.<br>H\u00f6ren und sehen Sie gerne bei uns rein!<\/h1>\n\n\n\n<h4 class=\"wp-block-heading has-text-align-center has-text-color\" style=\"color:#657687;font-size:20px\"><\/h4>\n\n\n\n<h4 class=\"wp-block-heading has-text-align-center has-text-color\" style=\"color:#657687;font-size:20px\"><\/h4>\n\n\n\n<p><\/p>\n\n\n\n<p><\/p>\n","protected":false},"excerpt":{"rendered":"<p>DAS A-CAPPELLA-ENSEMBLE F\u00dcR JAZZ, POP UND SCHLAGER. a-cappella&nbsp;&#8211; das ist reiner, purer Gesang, Klangf\u00fclle aus der Stimme. Ohne instrumentale Begleitung.H\u00f6ren und sehen Sie gerne bei uns rein!<\/p>\n","protected":false},"author":1,"featured_media":309,"parent":0,"menu_order":0,"comment_status":"closed","ping_status":"closed","template":"","meta":{"inline_featured_image":false,"footnotes":""},"class_list":["post-23","page","type-page","status-publish","has-post-thumbnail","hentry"],"_links":{"self":[{"href":"https:\/\/berlins4.eu\/index.php?rest_route=\/wp\/v2\/pages\/23","targetHints":{"allow":["GET"]}}],"collection":[{"href":"https:\/\/berlins4.eu\/index.php?rest_route=\/wp\/v2\/pages"}],"about":[{"href":"https:\/\/berlins4.eu\/index.php?rest_route=\/wp\/v2\/types\/page"}],"author":[{"embeddable":true,"href":"https:\/\/berlins4.eu\/index.php?rest_route=\/wp\/v2\/users\/1"}],"replies":[{"embeddable":true,"href":"https:\/\/berlins4.eu\/index.php?rest_route=%2Fwp%2Fv2%2Fcomments&post=23"}],"version-history":[{"count":38,"href":"https:\/\/berlins4.eu\/index.php?rest_route=\/wp\/v2\/pages\/23\/revisions"}],"predecessor-version":[{"id":677,"href":"https:\/\/berlins4.eu\/index.php?rest_route=\/wp\/v2\/pages\/23\/revisions\/677"}],"wp:featuredmedia":[{"embeddable":true,"href":"https:\/\/berlins4.eu\/index.php?rest_route=\/wp\/v2\/media\/309"}],"wp:attachment":[{"href":"https:\/\/berlins4.eu\/index.php?rest_route=%2Fwp%2Fv2%2Fmedia&parent=23"}],"curies":[{"name":"wp","href":"https:\/\/api.w.org\/{rel}","templated":true}]}}