{"id":93,"date":"2021-10-24T16:18:07","date_gmt":"2021-10-24T16:18:07","guid":{"rendered":"https:\/\/berlins4.eu\/?page_id=93"},"modified":"2022-03-01T10:06:09","modified_gmt":"2022-03-01T10:06:09","slug":"impressum","status":"publish","type":"page","link":"https:\/\/berlins4.eu\/?page_id=93","title":{"rendered":"Impressum"},"content":{"rendered":"\n<p>Angaben gem\u00e4\u00df \u00a7 5 TMG:<br>Berlin\u00b4s 4 GbR<br>Axel Scheidig<br>Alleestr. 8<br>14469 Potsdam<\/p>\n\n\n\n<h2 class=\"wp-block-heading\">Kontakt<\/h2>\n\n\n\n<p><a>Telefon: +49 (0)172 7945069<\/a><br><a href=\"https:\/\/amarcord.de\/impressum\/#\">E-Mail: kontakt@berlins4.eu<\/a><\/p>\n\n\n\n<h2 class=\"wp-block-heading\">Datenschutz<\/h2>\n\n\n\n<p>Die Betreiber dieser Seiten nehmen den Schutz Ihrer pers\u00f6nlichen Daten sehr ernst. Wir behandeln Ihre personenbezogenen Daten vertraulich und entsprechend der gesetzlichen Datenschutzvorschriften sowie dieser Datenschutzerkl\u00e4rung. Die Nutzung unserer Webseite ist in der Regel ohne Angabe personenbezogener Daten m\u00f6glich. Soweit auf unseren Seiten personenbezogene Daten (beispielsweise Name, Anschrift oder E-Mail-Adressen) erhoben werden, erfolgt dies, soweit m\u00f6glich, stets auf freiwilliger Basis. Diese Daten werden ohne Ihre ausdr\u00fcckliche Zustimmung nicht an Dritte weitergegeben. Wir weisen darauf hin, dass die Daten\u00fcbertragung im Internet (z.B. bei der Kommunikation per E-Mail) Sicherheitsl\u00fccken aufweisen kann. Ein l\u00fcckenloser Schutz der Daten vor dem Zugriff durch Dritte ist nicht m\u00f6glich.<\/p>\n\n\n\n<p><strong>Erfassung von allgemeinen Daten und Informationen<\/strong><\/p>\n\n\n\n<p>Diese Webseite erfasst mit jedem Aufruf eine gewisse Anzahl von allgemeinen Daten und Informationen. Diese Daten werden in Server-Logfiles gespeichert. Erfasst werden k\u00f6nnen z.B.:<\/p>\n\n\n\n<p>\u2013 Browsertyp und Version<br>\u2013 Betriebssystem<br>\u2013 URL, von welcher ein Besucher auf die Webseite gelangt ist<br>\u2013 Unterwebseiten, welche besucht werden<br>\u2013 Datum und Uhrzeit eines Besuchs<br>\u2013 IP-Adresse<br>\u2013 Internet-Service-Provider des Besuchers<br>\u2013 sonstige \u00e4hnliche Daten und Informationen, die der Gefahrenabwehr dienen<\/p>\n\n\n\n<p>Bei der Auswertung dieser allgemeinen Daten werden keine R\u00fcckschl\u00fcsse auf die betroffene Person gezogen. Die anonymen Daten der Server-Logfiles werden getrennt von den durch eine betroffene Person angegebenen personenbezogenen Daten gespeichert. F\u00fcr die EU-DSGVO konforme Datenverarbeitung auf Websites, die durch externe Links auf dieser Website kann keine Garantie \u00fcbernommen werden. Die Verarbeitung im Ganzen oder Teilen ist untersagt.<\/p>\n\n\n\n<h3 class=\"wp-block-heading\">Alternative Streitbeilegung gem\u00e4\u00df Art. 14 Abs. 1 ODR-VO und \u00a7 36 VSBG:<\/h3>\n\n\n\n<p>Die Europ\u00e4ische Kommission stellt eine Plattform zur Online-Streitbeilegung (OS) bereit, die du unter&nbsp;<a href=\"https:\/\/ec.europa.eu\/consumers\/odr\" target=\"_blank\" rel=\"noreferrer noopener\">https:\/\/ec.europa.eu\/consumers\/odr<\/a>&nbsp;findest. Zur Teilnahme an einem Streitbeilegungsverfahren vor einer Verbraucherschlichtungsstelle sind wir nicht verpflichtet und nicht bereit.<\/p>\n","protected":false},"excerpt":{"rendered":"<p>Angaben gem\u00e4\u00df \u00a7 5 TMG:Berlin\u00b4s 4 GbRAxel ScheidigAlleestr. 814469 Potsdam Kontakt Telefon: +49 (0)172 7945069E-Mail: kontakt@berlins4.eu Datenschutz Die Betreiber dieser Seiten nehmen den Schutz Ihrer pers\u00f6nlichen Daten sehr ernst. Wir behandeln Ihre personenbezogenen Daten vertraulich und entsprechend der gesetzlichen Datenschutzvorschriften &hellip;<\/p>\n<p class=\"read-more\"> <a class=\"more-link\" href=\"https:\/\/berlins4.eu\/?page_id=93\"> <span class=\"screen-reader-text\">Impressum<\/span> Weiterlesen &raquo;<\/a><\/p>\n","protected":false},"author":1,"featured_media":0,"parent":0,"menu_order":0,"comment_status":"closed","ping_status":"closed","template":"","meta":{"inline_featured_image":false,"footnotes":""},"class_list":["post-93","page","type-page","status-publish","hentry"],"_links":{"self":[{"href":"https:\/\/berlins4.eu\/index.php?rest_route=\/wp\/v2\/pages\/93","targetHints":{"allow":["GET"]}}],"collection":[{"href":"https:\/\/berlins4.eu\/index.php?rest_route=\/wp\/v2\/pages"}],"about":[{"href":"https:\/\/berlins4.eu\/index.php?rest_route=\/wp\/v2\/types\/page"}],"author":[{"embeddable":true,"href":"https:\/\/berlins4.eu\/index.php?rest_route=\/wp\/v2\/users\/1"}],"replies":[{"embeddable":true,"href":"https:\/\/berlins4.eu\/index.php?rest_route=%2Fwp%2Fv2%2Fcomments&post=93"}],"version-history":[{"count":2,"href":"https:\/\/berlins4.eu\/index.php?rest_route=\/wp\/v2\/pages\/93\/revisions"}],"predecessor-version":[{"id":363,"href":"https:\/\/berlins4.eu\/index.php?rest_route=\/wp\/v2\/pages\/93\/revisions\/363"}],"wp:attachment":[{"href":"https:\/\/berlins4.eu\/index.php?rest_route=%2Fwp%2Fv2%2Fmedia&parent=93"}],"curies":[{"name":"wp","href":"https:\/\/api.w.org\/{rel}","templated":true}]}}